{"id":26697,"date":"2025-05-05T17:45:04","date_gmt":"2025-05-05T15:45:04","guid":{"rendered":"https:\/\/dispotech.ch\/prodotto\/em40-aspiratore-per-trattamenti-odontoiatrici\/"},"modified":"2025-05-26T10:40:34","modified_gmt":"2025-05-26T08:40:34","slug":"em40-aspirateur-pour-traitements-dentaires","status":"publish","type":"product","link":"https:\/\/dispotech.ch\/fr\/prodotto\/em40-aspirateur-pour-traitements-dentaires\/","title":{"rendered":"EM40 \u2013 Aspirateur pour traitements dentaires"},"content":{"rendered":"<h2>Efficacit\u00e9 maximale, encombrement minimal.<b><br \/>\n<\/b><\/h2>\n<p><span style=\"font-weight: 400;\">La canule d\u2019aspiration mince et allong\u00e9 con\u00e7ue pour garantir un confort optimal lors des interventions dentaires. Fabriqu\u00e9e en PVC m\u00e9dical, atoxique et flexible, elle est dot\u00e9e d\u2019un orifice lat\u00e9ral de s\u00e9curit\u00e9 qui \u00e9vite l\u2019effet ventouse sur les muqueuses, assurant une \u00e9vacuation efficace des liquides et des d\u00e9bris pendant chaque intervention.<\/span><\/p>\n<h3>Caract\u00e9ristiques principales :<\/h3>\n<ul>\n<li style=\"font-weight: 400;\" aria-level=\"1\"><b>Orifice lat\u00e9ral de s\u00e9curit\u00e9<\/b><span style=\"font-weight: 400;\"> : pr\u00e9vient les traumatismes des gencives et muqueuses<\/span><\/li>\n<li style=\"font-weight: 400;\" aria-level=\"1\"><b>Longueur : 20 cm<\/b><span style=\"font-weight: 400;\"> \u2013 parfaite pour un usage intra-oral<\/span><\/li>\n<li style=\"font-weight: 400;\" aria-level=\"1\"><b>Diam\u00e8tre : 1,1 cm<\/b><span style=\"font-weight: 400;\"> \u2013 id\u00e9al pour une aspiration pr\u00e9cise et ma\u00eetris\u00e9e<\/span><\/li>\n<li style=\"font-weight: 400;\" aria-level=\"1\"><b>Mat\u00e9riau<\/b><span style=\"font-weight: 400;\"> : PVC m\u00e9dical, atoxique et flexible<\/span><\/li>\n<li style=\"font-weight: 400;\" aria-level=\"1\"><b>Autoclavable<\/b><span style=\"font-weight: 400;\"> : jusqu\u2019\u00e0 134 \u00b0C<\/span><\/li>\n<li style=\"font-weight: 400;\" aria-level=\"1\"><b>Couleur<\/b><span style=\"font-weight: 400;\"> : gris<\/span><span style=\"font-weight: 400;\"><br \/>\n<\/span><\/li>\n<\/ul>\n<h3>Pourquoi le choisir :<br \/>\n<span style=\"font-weight: 400;\">Con\u00e7u pour la chirurgie orale, l\u2019aspirateur offre praticit\u00e9 et s\u00e9curit\u00e9 \u00e0 chaque \u00e9tape du traitement. C\u2019est une solution professionnelle, fiable et conforme aux standards les plus exigeants du secteur dentaire.<\/span><\/h3>\n<h3><em>Disponible en paquets de 10 unit\u00e9s.<\/em><\/h3>\n","protected":false},"excerpt":{"rendered":"<h2>Efficacit\u00e9 maximale, encombrement minimal.<b><br \/>\n<\/b><\/h2>\n<p><span style=\"font-weight: 400;\">L\u2019EM40 est la canule d\u2019aspiration con\u00e7ue pour garantir un confort optimal lors des interventions dentaires. Fabriqu\u00e9e en PVC m\u00e9dical, atoxique et flexible, elle est dot\u00e9e d\u2019un orifice lat\u00e9ral de s\u00e9curit\u00e9 qui \u00e9vite l\u2019effet ventouse sur les muqueuses, assurant une \u00e9vacuation efficace des liquides et des d\u00e9bris pendant chaque intervention.<\/span><\/p>\n<h3>Caract\u00e9ristiques principales :<\/h3>\n<ul>\n<li style=\"font-weight: 400;\" aria-level=\"1\"><b>Orifice lat\u00e9ral de s\u00e9curit\u00e9<\/b><span style=\"font-weight: 400;\"> : pr\u00e9vient les traumatismes des gencives et muqueuses<\/span><\/li>\n<li style=\"font-weight: 400;\" aria-level=\"1\"><b>Longueur : 20 cm<\/b><span style=\"font-weight: 400;\"> \u2013 parfaite pour un usage intra-oral<\/span><\/li>\n<li style=\"font-weight: 400;\" aria-level=\"1\"><b>Diam\u00e8tre : 1,1 cm<\/b><span style=\"font-weight: 400;\"> \u2013 id\u00e9al pour une aspiration pr\u00e9cise et ma\u00eetris\u00e9e<\/span><\/li>\n<li style=\"font-weight: 400;\" aria-level=\"1\"><b>Mat\u00e9riau<\/b><span style=\"font-weight: 400;\"> : PVC m\u00e9dical, atoxique et flexible<\/span><\/li>\n<li style=\"font-weight: 400;\" aria-level=\"1\"><b>Autoclavable<\/b><span style=\"font-weight: 400;\"> : jusqu\u2019\u00e0 134 \u00b0C<\/span><\/li>\n<li style=\"font-weight: 400;\" aria-level=\"1\"><b>Couleur<\/b><span style=\"font-weight: 400;\"> : gris<\/span><span style=\"font-weight: 400;\"><br \/>\n<\/span><\/li>\n<\/ul>\n<h3>Pourquoi choisir EM40 :<br \/>\n<span style=\"font-weight: 400;\">Con\u00e7u pour la chirurgie orale, l\u2019aspirateur EM40 offre praticit\u00e9 et s\u00e9curit\u00e9 \u00e0 chaque \u00e9tape du traitement. C\u2019est une solution professionnelle, fiable et conforme aux standards les plus exigeants du secteur dentaire.<\/span><\/h3>\n<h3><em>Disponible en paquets de 10 unit\u00e9s.<\/em><\/h3>\n<p><span style=\"font-weight: 400;\">Commandez d\u00e8s maintenant sur <\/span><b>dispotech.ch<\/b><span style=\"font-weight: 400;\"> pour garantir une aspiration professionnelle, s\u00fbre et confortable \u00e0 vos patients.<\/span><\/p>\n","protected":false},"featured_media":26698,"comment_status":"open","ping_status":"closed","template":"","meta":{"_acf_changed":false},"product_brand":[],"product_cat":[286,450,417],"product_tag":[],"class_list":{"0":"post-26697","1":"product","2":"type-product","3":"status-publish","4":"has-post-thumbnail","6":"product_cat-dental-fr","7":"product_cat-en-evidence","8":"product_cat-novita-fr","10":"first","11":"instock","12":"taxable","13":"shipping-taxable","14":"purchasable","15":"product-type-simple"},"acf":[],"yoast_head":"<!-- This site is optimized with the Yoast SEO plugin v27.3 - https:\/\/yoast.com\/product\/yoast-seo-wordpress\/ -->\n<title>EM40 Aspirateur Autoclavable | Id\u00e9al pour cabinet dentaire<\/title>\n<meta name=\"description\" content=\"D\u00e9couvrez EM40, la canule d\u2019aspiration autoclavable \u00e0 134 \u00b0C : flexible, s\u00fbre et parfaite pour tous les traitements dentaires. Commandez sur Dispotech.ch !\" \/>\n<meta name=\"robots\" content=\"index, follow, max-snippet:-1, max-image-preview:large, max-video-preview:-1\" \/>\n<link rel=\"canonical\" href=\"https:\/\/dispotech.ch\/fr\/prodotto\/em40-aspirateur-pour-traitements-dentaires\/\" \/>\n<meta property=\"og:locale\" content=\"fr_FR\" \/>\n<meta property=\"og:type\" content=\"article\" \/>\n<meta property=\"og:title\" content=\"EM40 Aspirateur Autoclavable | Id\u00e9al pour cabinet dentaire\" \/>\n<meta property=\"og:description\" content=\"D\u00e9couvrez EM40, la canule d\u2019aspiration autoclavable \u00e0 134 \u00b0C : flexible, s\u00fbre et parfaite pour tous les traitements dentaires. Commandez sur Dispotech.ch !\" \/>\n<meta property=\"og:url\" content=\"https:\/\/dispotech.ch\/fr\/prodotto\/em40-aspirateur-pour-traitements-dentaires\/\" \/>\n<meta property=\"og:site_name\" content=\"Dispotech Shop\" \/>\n<meta property=\"article:modified_time\" content=\"2025-05-26T08:40:34+00:00\" \/>\n<meta property=\"og:image\" content=\"https:\/\/dispotech.ch\/wp-content\/uploads\/2025\/05\/EM40_Cannula_per_aspirazione.png\" \/>\n\t<meta property=\"og:image:width\" content=\"2726\" \/>\n\t<meta property=\"og:image:height\" content=\"3780\" \/>\n\t<meta property=\"og:image:type\" content=\"image\/png\" \/>\n<meta name=\"twitter:card\" content=\"summary_large_image\" \/>\n<meta name=\"twitter:label1\" content=\"Dur\u00e9e de lecture estim\u00e9e\" \/>\n\t<meta name=\"twitter:data1\" content=\"2 minutes\" \/>\n<script type=\"application\/ld+json\" class=\"yoast-schema-graph\">{\"@context\":\"https:\\\/\\\/schema.org\",\"@graph\":[{\"@type\":\"WebPage\",\"@id\":\"https:\\\/\\\/dispotech.ch\\\/fr\\\/prodotto\\\/em40-aspirateur-pour-traitements-dentaires\\\/\",\"url\":\"https:\\\/\\\/dispotech.ch\\\/fr\\\/prodotto\\\/em40-aspirateur-pour-traitements-dentaires\\\/\",\"name\":\"EM40 Aspirateur Autoclavable | Id\u00e9al pour cabinet dentaire\",\"isPartOf\":{\"@id\":\"https:\\\/\\\/dispotech.ch\\\/#website\"},\"primaryImageOfPage\":{\"@id\":\"https:\\\/\\\/dispotech.ch\\\/fr\\\/prodotto\\\/em40-aspirateur-pour-traitements-dentaires\\\/#primaryimage\"},\"image\":{\"@id\":\"https:\\\/\\\/dispotech.ch\\\/fr\\\/prodotto\\\/em40-aspirateur-pour-traitements-dentaires\\\/#primaryimage\"},\"thumbnailUrl\":\"https:\\\/\\\/dispotech.ch\\\/wp-content\\\/uploads\\\/2025\\\/05\\\/EM40_Cannula_per_aspirazione.png\",\"datePublished\":\"2025-05-05T15:45:04+00:00\",\"dateModified\":\"2025-05-26T08:40:34+00:00\",\"description\":\"D\u00e9couvrez EM40, la canule d\u2019aspiration autoclavable \u00e0 134 \u00b0C : flexible, s\u00fbre et parfaite pour tous les traitements dentaires. Commandez sur Dispotech.ch !\",\"breadcrumb\":{\"@id\":\"https:\\\/\\\/dispotech.ch\\\/fr\\\/prodotto\\\/em40-aspirateur-pour-traitements-dentaires\\\/#breadcrumb\"},\"inLanguage\":\"fr-FR\",\"potentialAction\":[{\"@type\":\"ReadAction\",\"target\":[\"https:\\\/\\\/dispotech.ch\\\/fr\\\/prodotto\\\/em40-aspirateur-pour-traitements-dentaires\\\/\"]}]},{\"@type\":\"ImageObject\",\"inLanguage\":\"fr-FR\",\"@id\":\"https:\\\/\\\/dispotech.ch\\\/fr\\\/prodotto\\\/em40-aspirateur-pour-traitements-dentaires\\\/#primaryimage\",\"url\":\"https:\\\/\\\/dispotech.ch\\\/wp-content\\\/uploads\\\/2025\\\/05\\\/EM40_Cannula_per_aspirazione.png\",\"contentUrl\":\"https:\\\/\\\/dispotech.ch\\\/wp-content\\\/uploads\\\/2025\\\/05\\\/EM40_Cannula_per_aspirazione.png\",\"width\":2726,\"height\":3780,\"caption\":\"EM40 Aspirateur Autoclavable\"},{\"@type\":\"BreadcrumbList\",\"@id\":\"https:\\\/\\\/dispotech.ch\\\/fr\\\/prodotto\\\/em40-aspirateur-pour-traitements-dentaires\\\/#breadcrumb\",\"itemListElement\":[{\"@type\":\"ListItem\",\"position\":1,\"name\":\"Home\",\"item\":\"https:\\\/\\\/dispotech.ch\\\/fr\\\/\"},{\"@type\":\"ListItem\",\"position\":2,\"name\":\"Shop\",\"item\":\"https:\\\/\\\/dispotech.ch\\\/fr\\\/shop-2\\\/\"},{\"@type\":\"ListItem\",\"position\":3,\"name\":\"EM40 \u2013 Aspirateur pour traitements dentaires\"}]},{\"@type\":\"WebSite\",\"@id\":\"https:\\\/\\\/dispotech.ch\\\/#website\",\"url\":\"https:\\\/\\\/dispotech.ch\\\/\",\"name\":\"Dispotech Shop\",\"description\":\"\",\"potentialAction\":[{\"@type\":\"SearchAction\",\"target\":{\"@type\":\"EntryPoint\",\"urlTemplate\":\"https:\\\/\\\/dispotech.ch\\\/?s={search_term_string}\"},\"query-input\":{\"@type\":\"PropertyValueSpecification\",\"valueRequired\":true,\"valueName\":\"search_term_string\"}}],\"inLanguage\":\"fr-FR\"}]}<\/script>\n<!-- \/ Yoast SEO plugin. -->","yoast_head_json":{"title":"EM40 Aspirateur Autoclavable | Id\u00e9al pour cabinet dentaire","description":"D\u00e9couvrez EM40, la canule d\u2019aspiration autoclavable \u00e0 134 \u00b0C : flexible, s\u00fbre et parfaite pour tous les traitements dentaires. Commandez sur Dispotech.ch !","robots":{"index":"index","follow":"follow","max-snippet":"max-snippet:-1","max-image-preview":"max-image-preview:large","max-video-preview":"max-video-preview:-1"},"canonical":"https:\/\/dispotech.ch\/fr\/prodotto\/em40-aspirateur-pour-traitements-dentaires\/","og_locale":"fr_FR","og_type":"article","og_title":"EM40 Aspirateur Autoclavable | Id\u00e9al pour cabinet dentaire","og_description":"D\u00e9couvrez EM40, la canule d\u2019aspiration autoclavable \u00e0 134 \u00b0C : flexible, s\u00fbre et parfaite pour tous les traitements dentaires. Commandez sur Dispotech.ch !","og_url":"https:\/\/dispotech.ch\/fr\/prodotto\/em40-aspirateur-pour-traitements-dentaires\/","og_site_name":"Dispotech Shop","article_modified_time":"2025-05-26T08:40:34+00:00","og_image":[{"width":2726,"height":3780,"url":"https:\/\/dispotech.ch\/wp-content\/uploads\/2025\/05\/EM40_Cannula_per_aspirazione.png","type":"image\/png"}],"twitter_card":"summary_large_image","twitter_misc":{"Dur\u00e9e de lecture estim\u00e9e":"2 minutes"},"schema":{"@context":"https:\/\/schema.org","@graph":[{"@type":"WebPage","@id":"https:\/\/dispotech.ch\/fr\/prodotto\/em40-aspirateur-pour-traitements-dentaires\/","url":"https:\/\/dispotech.ch\/fr\/prodotto\/em40-aspirateur-pour-traitements-dentaires\/","name":"EM40 Aspirateur Autoclavable | Id\u00e9al pour cabinet dentaire","isPartOf":{"@id":"https:\/\/dispotech.ch\/#website"},"primaryImageOfPage":{"@id":"https:\/\/dispotech.ch\/fr\/prodotto\/em40-aspirateur-pour-traitements-dentaires\/#primaryimage"},"image":{"@id":"https:\/\/dispotech.ch\/fr\/prodotto\/em40-aspirateur-pour-traitements-dentaires\/#primaryimage"},"thumbnailUrl":"https:\/\/dispotech.ch\/wp-content\/uploads\/2025\/05\/EM40_Cannula_per_aspirazione.png","datePublished":"2025-05-05T15:45:04+00:00","dateModified":"2025-05-26T08:40:34+00:00","description":"D\u00e9couvrez EM40, la canule d\u2019aspiration autoclavable \u00e0 134 \u00b0C : flexible, s\u00fbre et parfaite pour tous les traitements dentaires. Commandez sur Dispotech.ch !","breadcrumb":{"@id":"https:\/\/dispotech.ch\/fr\/prodotto\/em40-aspirateur-pour-traitements-dentaires\/#breadcrumb"},"inLanguage":"fr-FR","potentialAction":[{"@type":"ReadAction","target":["https:\/\/dispotech.ch\/fr\/prodotto\/em40-aspirateur-pour-traitements-dentaires\/"]}]},{"@type":"ImageObject","inLanguage":"fr-FR","@id":"https:\/\/dispotech.ch\/fr\/prodotto\/em40-aspirateur-pour-traitements-dentaires\/#primaryimage","url":"https:\/\/dispotech.ch\/wp-content\/uploads\/2025\/05\/EM40_Cannula_per_aspirazione.png","contentUrl":"https:\/\/dispotech.ch\/wp-content\/uploads\/2025\/05\/EM40_Cannula_per_aspirazione.png","width":2726,"height":3780,"caption":"EM40 Aspirateur Autoclavable"},{"@type":"BreadcrumbList","@id":"https:\/\/dispotech.ch\/fr\/prodotto\/em40-aspirateur-pour-traitements-dentaires\/#breadcrumb","itemListElement":[{"@type":"ListItem","position":1,"name":"Home","item":"https:\/\/dispotech.ch\/fr\/"},{"@type":"ListItem","position":2,"name":"Shop","item":"https:\/\/dispotech.ch\/fr\/shop-2\/"},{"@type":"ListItem","position":3,"name":"EM40 \u2013 Aspirateur pour traitements dentaires"}]},{"@type":"WebSite","@id":"https:\/\/dispotech.ch\/#website","url":"https:\/\/dispotech.ch\/","name":"Dispotech Shop","description":"","potentialAction":[{"@type":"SearchAction","target":{"@type":"EntryPoint","urlTemplate":"https:\/\/dispotech.ch\/?s={search_term_string}"},"query-input":{"@type":"PropertyValueSpecification","valueRequired":true,"valueName":"search_term_string"}}],"inLanguage":"fr-FR"}]}},"_links":{"self":[{"href":"https:\/\/dispotech.ch\/fr\/wp-json\/wp\/v2\/product\/26697","targetHints":{"allow":["GET"]}}],"collection":[{"href":"https:\/\/dispotech.ch\/fr\/wp-json\/wp\/v2\/product"}],"about":[{"href":"https:\/\/dispotech.ch\/fr\/wp-json\/wp\/v2\/types\/product"}],"replies":[{"embeddable":true,"href":"https:\/\/dispotech.ch\/fr\/wp-json\/wp\/v2\/comments?post=26697"}],"wp:featuredmedia":[{"embeddable":true,"href":"https:\/\/dispotech.ch\/fr\/wp-json\/wp\/v2\/media\/26698"}],"wp:attachment":[{"href":"https:\/\/dispotech.ch\/fr\/wp-json\/wp\/v2\/media?parent=26697"}],"wp:term":[{"taxonomy":"product_brand","embeddable":true,"href":"https:\/\/dispotech.ch\/fr\/wp-json\/wp\/v2\/product_brand?post=26697"},{"taxonomy":"product_cat","embeddable":true,"href":"https:\/\/dispotech.ch\/fr\/wp-json\/wp\/v2\/product_cat?post=26697"},{"taxonomy":"product_tag","embeddable":true,"href":"https:\/\/dispotech.ch\/fr\/wp-json\/wp\/v2\/product_tag?post=26697"}],"curies":[{"name":"wp","href":"https:\/\/api.w.org\/{rel}","templated":true}]}}