{"id":26882,"date":"2025-05-23T12:09:47","date_gmt":"2025-05-23T10:09:47","guid":{"rendered":"https:\/\/dispotech.ch\/prodotto\/gants-en-nitrile-jetables-multicolores-sans-poudre\/"},"modified":"2025-06-11T13:06:08","modified_gmt":"2025-06-11T11:06:08","slug":"gants-en-nitrile-jetables-multicolores-sans-poudre","status":"publish","type":"product","link":"https:\/\/dispotech.ch\/fr\/prodotto\/gants-en-nitrile-jetables-multicolores-sans-poudre\/","title":{"rendered":"Gants en nitrile jetables multicolores \u2013 Sans poudre"},"content":{"rendered":"<h2><b>Gants jetables en nitrile multicolores \u2013 Qualit\u00e9 professionnelle<\/b><\/h2>\n<p><span style=\"font-weight: 400;\">Ces gants jetables en nitrile offrent <strong>une protection fiable, une grande souplesse et une excellente r\u00e9sistance pour de nombreux domaines d\u2019utilisation<\/strong>. <\/span><\/p>\n<p><span style=\"font-weight: 400;\">Sans poudre et avec un int\u00e9rieur chlor\u00e9, ils assurent un confort optimal et une protection efficace.<\/span><\/p>\n<h3><b>Caract\u00e9ristiques principales :<\/b><span style=\"font-weight: 400;\"><br \/>\n<\/span><\/h3>\n<ul>\n<li><span style=\"font-weight: 400;\"><strong>Variations de couleurs<\/strong> : citron, orange, fraise, c\u00e9drat, piment fort, grenadine, pomme, raisin, baies, oc\u00e9an pur, myrtille, pruneau, platine, graphite, noir, blanc<\/span><span style=\"font-weight: 400;\"><br \/>\n<\/span><\/li>\n<li><span style=\"font-weight: 400;\"><strong>Bo\u00eetes de couleurs m\u00e9lang\u00e9es<\/strong> : Tutti Frutti (Grenadine, Pomme, Orange et Citron), 4 Elements (Raisin, Oc\u00e9an pur, Graphite et Myrtille) &#8211; bo\u00eete \u00e0 double ouverture pour faciliter l&rsquo;extraction.<\/span><span style=\"font-weight: 400;\"><br \/>\n<\/span><\/li>\n<li><span style=\"font-weight: 400;\">Surface micro-rugueuse sur les doigts pour une meilleure adh\u00e9rence<\/span><span style=\"font-weight: 400;\"><br \/>\n<\/span><\/li>\n<li><span style=\"font-weight: 400;\">Bo\u00eete avec double ouverture pratique<\/span><span style=\"font-weight: 400;\"><br \/>\n<\/span><\/li>\n<li><span style=\"font-weight: 400;\">Dispositif m\u00e9dical de classe I \u2013 non st\u00e9rile<\/span><span style=\"font-weight: 400;\"><br \/>\n<\/span><\/li>\n<li><span style=\"font-weight: 400;\">Conformes aux normes : EN 374-1\/-4\/-5, EN 420, EN 455-1\/-2\/-3\/-4<\/span><span style=\"font-weight: 400;\"><br \/>\n<\/span><\/li>\n<li><span style=\"font-weight: 400;\">AQL 1,5 \u2013 Protection contre virus, bact\u00e9ries et champignons<\/span><span style=\"font-weight: 400;\"><br \/>\n<\/span><\/li>\n<li><span style=\"font-weight: 400;\">Compatibles avec les aliments (acides, alcoolis\u00e9s, secs, aqueux)<\/span><span style=\"font-weight: 400;\"><br \/>\n<\/span><\/li>\n<li><span style=\"font-weight: 400;\">Protection chimique de type B<\/span><span style=\"font-weight: 400;\"><br \/>\n<\/span><\/li>\n<\/ul>\n<h3>Domaines d&rsquo;application recommand\u00e9s :<\/h3>\n<ul>\n<li style=\"font-weight: 400;\" aria-level=\"1\"><span style=\"font-weight: 400;\">Cabinets m\u00e9dicaux et dentaires<\/span><span style=\"font-weight: 400;\"><br \/>\n<\/span><\/li>\n<li style=\"font-weight: 400;\" aria-level=\"1\"><span style=\"font-weight: 400;\">Industrie alimentaire et restauration<\/span><span style=\"font-weight: 400;\"><br \/>\n<\/span><\/li>\n<li style=\"font-weight: 400;\" aria-level=\"1\"><span style=\"font-weight: 400;\">Laboratoires et environnements industriels<\/span><span style=\"font-weight: 400;\"><br \/>\n<\/span><\/li>\n<li style=\"font-weight: 400;\" aria-level=\"1\"><span style=\"font-weight: 400;\">Services \u00e0 la personne, esth\u00e9tique, coiffure et tatouage<\/span><span style=\"font-weight: 400;\"><br \/>\n<\/span><\/li>\n<li style=\"font-weight: 400;\" aria-level=\"1\"><span style=\"font-weight: 400;\">Nettoyage professionnel et soins de sant\u00e9<\/span><span style=\"font-weight: 400;\"><br \/>\n<\/span><\/li>\n<\/ul>\n<h3>Avantages du nitrile :<\/h3>\n<ul>\n<li style=\"font-weight: 400;\" aria-level=\"1\"><span style=\"font-weight: 400;\">Grande \u00e9lasticit\u00e9, s\u2019adapte \u00e0 la forme de la main<\/span><span style=\"font-weight: 400;\"><br \/>\n<\/span><\/li>\n<li style=\"font-weight: 400;\" aria-level=\"1\"><span style=\"font-weight: 400;\">R\u00e9sistance aux huiles, graisses, solvants et produits chimiques<\/span><span style=\"font-weight: 400;\"><br \/>\n<\/span><\/li>\n<li style=\"font-weight: 400;\" aria-level=\"1\"><span style=\"font-weight: 400;\">Sans latex ni prot\u00e9ines \u2013 id\u00e9al pour les personnes allergiques<\/span><span style=\"font-weight: 400;\"><br \/>\n<\/span><\/li>\n<li style=\"font-weight: 400;\" aria-level=\"1\"><span style=\"font-weight: 400;\">Alternative robuste et fiable aux autres mat\u00e9riaux jetables<\/span><span style=\"font-weight: 400;\">\n<p><\/span><\/li>\n<\/ul>\n<p><span style=\"font-weight: 400;\">Une solution color\u00e9e et efficace pour vos besoins professionnels au quotidien.<\/span><\/p>\n<h2><em>Paquet de 100 pi\u00e8ces<\/em><\/h2>\n<h2><em>Paquet de 96 pi\u00e8ces (pour Tutti i frutti et 4 Elements)<\/em><\/h2>\n","protected":false},"excerpt":{"rendered":"<h2><b>Gants jetables en nitrile multicolores \u2013 Qualit\u00e9 professionnelle<\/b><\/h2>\n<p><span style=\"font-weight: 400;\">Ces gants jetables en nitrile offrent <strong>une protection fiable, une grande souplesse et une excellente r\u00e9sistance pour de nombreux domaines d\u2019utilisation<\/strong>. <\/span><\/p>\n<p><span style=\"font-weight: 400;\">Sans poudre et avec un int\u00e9rieur chlor\u00e9, ils assurent un confort optimal et une protection efficace.<\/span><\/p>\n<h3><b>Caract\u00e9ristiques principales :<\/b><span style=\"font-weight: 400;\"><br \/>\n<\/span><\/h3>\n<ul>\n<li><span style=\"font-weight: 400;\"><strong>Variations de couleurs<\/strong> : citron, orange, fraise, c\u00e9drat, piment fort, grenadine, pomme, raisin, baies, oc\u00e9an pur, myrtille, pruneau, platine, graphite, noir, blanc<\/span><span style=\"font-weight: 400;\"><br \/>\n<\/span><\/li>\n<li><span style=\"font-weight: 400;\"><strong>Bo\u00eetes de couleurs m\u00e9lang\u00e9es<\/strong> : Tutti Frutti (Grenadine, Pomme, Orange et Citron), 4 Elements (Raisin, Oc\u00e9an pur, Graphite et Myrtille) &#8211; bo\u00eete \u00e0 double ouverture pour faciliter l&rsquo;extraction.<\/span><span style=\"font-weight: 400;\"><br \/>\n<\/span><\/li>\n<li><span style=\"font-weight: 400;\">Surface micro-rugueuse sur les doigts pour une meilleure adh\u00e9rence<\/span><span style=\"font-weight: 400;\"><br \/>\n<\/span><\/li>\n<li><span style=\"font-weight: 400;\">Bo\u00eete avec double ouverture pratique<\/span><span style=\"font-weight: 400;\"><br \/>\n<\/span><\/li>\n<li><span style=\"font-weight: 400;\">Dispositif m\u00e9dical de classe I \u2013 non st\u00e9rile<\/span><span style=\"font-weight: 400;\"><br \/>\n<\/span><\/li>\n<li><span style=\"font-weight: 400;\">Conformes aux normes : EN 374-1\/-4\/-5, EN 420, EN 455-1\/-2\/-3\/-4<\/span><span style=\"font-weight: 400;\"><br \/>\n<\/span><\/li>\n<li><span style=\"font-weight: 400;\">AQL 1,5 \u2013 Protection contre virus, bact\u00e9ries et champignons<\/span><span style=\"font-weight: 400;\"><br \/>\n<\/span><\/li>\n<li><span style=\"font-weight: 400;\">Compatibles avec les aliments (acides, alcoolis\u00e9s, secs, aqueux)<\/span><span style=\"font-weight: 400;\"><br \/>\n<\/span><\/li>\n<li><span style=\"font-weight: 400;\">Protection chimique de type B<\/span><span style=\"font-weight: 400;\"><br \/>\n<\/span><\/li>\n<\/ul>\n<h3>Domaines d&rsquo;application recommand\u00e9s :<\/h3>\n<ul>\n<li style=\"font-weight: 400;\" aria-level=\"1\"><span style=\"font-weight: 400;\">Cabinets m\u00e9dicaux et dentaires<\/span><span style=\"font-weight: 400;\"><br \/>\n<\/span><\/li>\n<li style=\"font-weight: 400;\" aria-level=\"1\"><span style=\"font-weight: 400;\">Industrie alimentaire et restauration<\/span><span style=\"font-weight: 400;\"><br \/>\n<\/span><\/li>\n<li style=\"font-weight: 400;\" aria-level=\"1\"><span style=\"font-weight: 400;\">Laboratoires et environnements industriels<\/span><span style=\"font-weight: 400;\"><br \/>\n<\/span><\/li>\n<li style=\"font-weight: 400;\" aria-level=\"1\"><span style=\"font-weight: 400;\">Services \u00e0 la personne, esth\u00e9tique, coiffure et tatouage<\/span><span style=\"font-weight: 400;\"><br \/>\n<\/span><\/li>\n<li style=\"font-weight: 400;\" aria-level=\"1\"><span style=\"font-weight: 400;\">Nettoyage professionnel et soins de sant\u00e9<\/span><span style=\"font-weight: 400;\"><br \/>\n<\/span><\/li>\n<\/ul>\n<h3>Avantages du nitrile :<\/h3>\n<ul>\n<li style=\"font-weight: 400;\" aria-level=\"1\"><span style=\"font-weight: 400;\">Grande \u00e9lasticit\u00e9, s\u2019adapte \u00e0 la forme de la main<\/span><span style=\"font-weight: 400;\"><br \/>\n<\/span><\/li>\n<li style=\"font-weight: 400;\" aria-level=\"1\"><span style=\"font-weight: 400;\">R\u00e9sistance aux huiles, graisses, solvants et produits chimiques<\/span><span style=\"font-weight: 400;\"><br \/>\n<\/span><\/li>\n<li style=\"font-weight: 400;\" aria-level=\"1\"><span style=\"font-weight: 400;\">Sans latex ni prot\u00e9ines \u2013 id\u00e9al pour les personnes allergiques<\/span><span style=\"font-weight: 400;\"><br \/>\n<\/span><\/li>\n<li style=\"font-weight: 400;\" aria-level=\"1\"><span style=\"font-weight: 400;\">Alternative robuste et fiable aux autres mat\u00e9riaux jetables<\/span><span style=\"font-weight: 400;\">\n<p><\/span><\/li>\n<\/ul>\n<p><span style=\"font-weight: 400;\">Une solution color\u00e9e et efficace pour vos besoins professionnels au quotidien.<\/span><\/p>\n<h2><em>Paquet de 100 pi\u00e8ces<\/em><\/h2>\n<h2><em>Paquet de 96 pi\u00e8ces (pour Tutti i frutti et 4 Elements)<\/em><\/h2>\n","protected":false},"featured_media":27310,"comment_status":"open","ping_status":"closed","template":"","meta":{"_acf_changed":false},"product_brand":[],"product_cat":[286,450,452,417],"product_tag":[],"class_list":{"0":"post-26882","1":"product","2":"type-product","3":"status-publish","4":"has-post-thumbnail","6":"product_cat-dental-fr","7":"product_cat-en-evidence","8":"product_cat-medical-fr","9":"product_cat-novita-fr","11":"first","12":"instock","13":"taxable","14":"shipping-taxable","15":"purchasable","16":"product-type-variable"},"acf":[],"yoast_head":"<!-- This site is optimized with the Yoast SEO plugin v27.3 - https:\/\/yoast.com\/product\/yoast-seo-wordpress\/ -->\n<title>Gants en nitrile multicolores sans poudre | Dispotech Sagl<\/title>\n<meta name=\"description\" content=\"De qualit\u00e9 sup\u00e9rieure, ils sont id\u00e9aux pour les applications m\u00e9dicales, dentaires, pharmaceutiques, alimentaires, esth\u00e9tiques, de tatouage et industrielles\" \/>\n<meta name=\"robots\" content=\"index, follow, max-snippet:-1, max-image-preview:large, max-video-preview:-1\" \/>\n<link rel=\"canonical\" href=\"https:\/\/dispotech.ch\/fr\/prodotto\/gants-en-nitrile-jetables-multicolores-sans-poudre\/\" \/>\n<meta property=\"og:locale\" content=\"fr_FR\" \/>\n<meta property=\"og:type\" content=\"article\" \/>\n<meta property=\"og:title\" content=\"Gants en nitrile multicolores sans poudre | Dispotech Sagl\" \/>\n<meta property=\"og:description\" content=\"De qualit\u00e9 sup\u00e9rieure, ils sont id\u00e9aux pour les applications m\u00e9dicales, dentaires, pharmaceutiques, alimentaires, esth\u00e9tiques, de tatouage et industrielles\" \/>\n<meta property=\"og:url\" content=\"https:\/\/dispotech.ch\/fr\/prodotto\/gants-en-nitrile-jetables-multicolores-sans-poudre\/\" \/>\n<meta property=\"og:site_name\" content=\"Dispotech Shop\" \/>\n<meta property=\"article:modified_time\" content=\"2025-06-11T11:06:08+00:00\" \/>\n<meta name=\"twitter:card\" content=\"summary_large_image\" \/>\n<meta name=\"twitter:label1\" content=\"Dur\u00e9e de lecture estim\u00e9e\" \/>\n\t<meta name=\"twitter:data1\" content=\"1 minute\" \/>\n<script type=\"application\/ld+json\" class=\"yoast-schema-graph\">{\"@context\":\"https:\\\/\\\/schema.org\",\"@graph\":[{\"@type\":\"WebPage\",\"@id\":\"https:\\\/\\\/dispotech.ch\\\/fr\\\/prodotto\\\/gants-en-nitrile-jetables-multicolores-sans-poudre\\\/\",\"url\":\"https:\\\/\\\/dispotech.ch\\\/fr\\\/prodotto\\\/gants-en-nitrile-jetables-multicolores-sans-poudre\\\/\",\"name\":\"Gants en nitrile multicolores sans poudre | Dispotech Sagl\",\"isPartOf\":{\"@id\":\"https:\\\/\\\/dispotech.ch\\\/#website\"},\"primaryImageOfPage\":{\"@id\":\"https:\\\/\\\/dispotech.ch\\\/fr\\\/prodotto\\\/gants-en-nitrile-jetables-multicolores-sans-poudre\\\/#primaryimage\"},\"image\":{\"@id\":\"https:\\\/\\\/dispotech.ch\\\/fr\\\/prodotto\\\/gants-en-nitrile-jetables-multicolores-sans-poudre\\\/#primaryimage\"},\"thumbnailUrl\":\"https:\\\/\\\/dispotech.ch\\\/wp-content\\\/uploads\\\/2025\\\/07\\\/Versione_1.jpg\",\"datePublished\":\"2025-05-23T10:09:47+00:00\",\"dateModified\":\"2025-06-11T11:06:08+00:00\",\"description\":\"De qualit\u00e9 sup\u00e9rieure, ils sont id\u00e9aux pour les applications m\u00e9dicales, dentaires, pharmaceutiques, alimentaires, esth\u00e9tiques, de tatouage et industrielles\",\"breadcrumb\":{\"@id\":\"https:\\\/\\\/dispotech.ch\\\/fr\\\/prodotto\\\/gants-en-nitrile-jetables-multicolores-sans-poudre\\\/#breadcrumb\"},\"inLanguage\":\"fr-FR\",\"potentialAction\":[{\"@type\":\"ReadAction\",\"target\":[\"https:\\\/\\\/dispotech.ch\\\/fr\\\/prodotto\\\/gants-en-nitrile-jetables-multicolores-sans-poudre\\\/\"]}]},{\"@type\":\"ImageObject\",\"inLanguage\":\"fr-FR\",\"@id\":\"https:\\\/\\\/dispotech.ch\\\/fr\\\/prodotto\\\/gants-en-nitrile-jetables-multicolores-sans-poudre\\\/#primaryimage\",\"url\":\"https:\\\/\\\/dispotech.ch\\\/wp-content\\\/uploads\\\/2025\\\/07\\\/Versione_1.jpg\",\"contentUrl\":\"https:\\\/\\\/dispotech.ch\\\/wp-content\\\/uploads\\\/2025\\\/07\\\/Versione_1.jpg\",\"width\":1000,\"height\":1000,\"caption\":\"Guanti_in_nitrile_gamma\"},{\"@type\":\"BreadcrumbList\",\"@id\":\"https:\\\/\\\/dispotech.ch\\\/fr\\\/prodotto\\\/gants-en-nitrile-jetables-multicolores-sans-poudre\\\/#breadcrumb\",\"itemListElement\":[{\"@type\":\"ListItem\",\"position\":1,\"name\":\"Home\",\"item\":\"https:\\\/\\\/dispotech.ch\\\/fr\\\/\"},{\"@type\":\"ListItem\",\"position\":2,\"name\":\"Shop\",\"item\":\"https:\\\/\\\/dispotech.ch\\\/fr\\\/shop-2\\\/\"},{\"@type\":\"ListItem\",\"position\":3,\"name\":\"Gants en nitrile jetables multicolores \u2013 Sans poudre\"}]},{\"@type\":\"WebSite\",\"@id\":\"https:\\\/\\\/dispotech.ch\\\/#website\",\"url\":\"https:\\\/\\\/dispotech.ch\\\/\",\"name\":\"Dispotech Shop\",\"description\":\"\",\"potentialAction\":[{\"@type\":\"SearchAction\",\"target\":{\"@type\":\"EntryPoint\",\"urlTemplate\":\"https:\\\/\\\/dispotech.ch\\\/?s={search_term_string}\"},\"query-input\":{\"@type\":\"PropertyValueSpecification\",\"valueRequired\":true,\"valueName\":\"search_term_string\"}}],\"inLanguage\":\"fr-FR\"}]}<\/script>\n<!-- \/ Yoast SEO plugin. -->","yoast_head_json":{"title":"Gants en nitrile multicolores sans poudre | Dispotech Sagl","description":"De qualit\u00e9 sup\u00e9rieure, ils sont id\u00e9aux pour les applications m\u00e9dicales, dentaires, pharmaceutiques, alimentaires, esth\u00e9tiques, de tatouage et industrielles","robots":{"index":"index","follow":"follow","max-snippet":"max-snippet:-1","max-image-preview":"max-image-preview:large","max-video-preview":"max-video-preview:-1"},"canonical":"https:\/\/dispotech.ch\/fr\/prodotto\/gants-en-nitrile-jetables-multicolores-sans-poudre\/","og_locale":"fr_FR","og_type":"article","og_title":"Gants en nitrile multicolores sans poudre | Dispotech Sagl","og_description":"De qualit\u00e9 sup\u00e9rieure, ils sont id\u00e9aux pour les applications m\u00e9dicales, dentaires, pharmaceutiques, alimentaires, esth\u00e9tiques, de tatouage et industrielles","og_url":"https:\/\/dispotech.ch\/fr\/prodotto\/gants-en-nitrile-jetables-multicolores-sans-poudre\/","og_site_name":"Dispotech Shop","article_modified_time":"2025-06-11T11:06:08+00:00","twitter_card":"summary_large_image","twitter_misc":{"Dur\u00e9e de lecture estim\u00e9e":"1 minute"},"schema":{"@context":"https:\/\/schema.org","@graph":[{"@type":"WebPage","@id":"https:\/\/dispotech.ch\/fr\/prodotto\/gants-en-nitrile-jetables-multicolores-sans-poudre\/","url":"https:\/\/dispotech.ch\/fr\/prodotto\/gants-en-nitrile-jetables-multicolores-sans-poudre\/","name":"Gants en nitrile multicolores sans poudre | Dispotech Sagl","isPartOf":{"@id":"https:\/\/dispotech.ch\/#website"},"primaryImageOfPage":{"@id":"https:\/\/dispotech.ch\/fr\/prodotto\/gants-en-nitrile-jetables-multicolores-sans-poudre\/#primaryimage"},"image":{"@id":"https:\/\/dispotech.ch\/fr\/prodotto\/gants-en-nitrile-jetables-multicolores-sans-poudre\/#primaryimage"},"thumbnailUrl":"https:\/\/dispotech.ch\/wp-content\/uploads\/2025\/07\/Versione_1.jpg","datePublished":"2025-05-23T10:09:47+00:00","dateModified":"2025-06-11T11:06:08+00:00","description":"De qualit\u00e9 sup\u00e9rieure, ils sont id\u00e9aux pour les applications m\u00e9dicales, dentaires, pharmaceutiques, alimentaires, esth\u00e9tiques, de tatouage et industrielles","breadcrumb":{"@id":"https:\/\/dispotech.ch\/fr\/prodotto\/gants-en-nitrile-jetables-multicolores-sans-poudre\/#breadcrumb"},"inLanguage":"fr-FR","potentialAction":[{"@type":"ReadAction","target":["https:\/\/dispotech.ch\/fr\/prodotto\/gants-en-nitrile-jetables-multicolores-sans-poudre\/"]}]},{"@type":"ImageObject","inLanguage":"fr-FR","@id":"https:\/\/dispotech.ch\/fr\/prodotto\/gants-en-nitrile-jetables-multicolores-sans-poudre\/#primaryimage","url":"https:\/\/dispotech.ch\/wp-content\/uploads\/2025\/07\/Versione_1.jpg","contentUrl":"https:\/\/dispotech.ch\/wp-content\/uploads\/2025\/07\/Versione_1.jpg","width":1000,"height":1000,"caption":"Guanti_in_nitrile_gamma"},{"@type":"BreadcrumbList","@id":"https:\/\/dispotech.ch\/fr\/prodotto\/gants-en-nitrile-jetables-multicolores-sans-poudre\/#breadcrumb","itemListElement":[{"@type":"ListItem","position":1,"name":"Home","item":"https:\/\/dispotech.ch\/fr\/"},{"@type":"ListItem","position":2,"name":"Shop","item":"https:\/\/dispotech.ch\/fr\/shop-2\/"},{"@type":"ListItem","position":3,"name":"Gants en nitrile jetables multicolores \u2013 Sans poudre"}]},{"@type":"WebSite","@id":"https:\/\/dispotech.ch\/#website","url":"https:\/\/dispotech.ch\/","name":"Dispotech Shop","description":"","potentialAction":[{"@type":"SearchAction","target":{"@type":"EntryPoint","urlTemplate":"https:\/\/dispotech.ch\/?s={search_term_string}"},"query-input":{"@type":"PropertyValueSpecification","valueRequired":true,"valueName":"search_term_string"}}],"inLanguage":"fr-FR"}]}},"_links":{"self":[{"href":"https:\/\/dispotech.ch\/fr\/wp-json\/wp\/v2\/product\/26882","targetHints":{"allow":["GET"]}}],"collection":[{"href":"https:\/\/dispotech.ch\/fr\/wp-json\/wp\/v2\/product"}],"about":[{"href":"https:\/\/dispotech.ch\/fr\/wp-json\/wp\/v2\/types\/product"}],"replies":[{"embeddable":true,"href":"https:\/\/dispotech.ch\/fr\/wp-json\/wp\/v2\/comments?post=26882"}],"wp:featuredmedia":[{"embeddable":true,"href":"https:\/\/dispotech.ch\/fr\/wp-json\/wp\/v2\/media\/27310"}],"wp:attachment":[{"href":"https:\/\/dispotech.ch\/fr\/wp-json\/wp\/v2\/media?parent=26882"}],"wp:term":[{"taxonomy":"product_brand","embeddable":true,"href":"https:\/\/dispotech.ch\/fr\/wp-json\/wp\/v2\/product_brand?post=26882"},{"taxonomy":"product_cat","embeddable":true,"href":"https:\/\/dispotech.ch\/fr\/wp-json\/wp\/v2\/product_cat?post=26882"},{"taxonomy":"product_tag","embeddable":true,"href":"https:\/\/dispotech.ch\/fr\/wp-json\/wp\/v2\/product_tag?post=26882"}],"curies":[{"name":"wp","href":"https:\/\/api.w.org\/{rel}","templated":true}]}}