{"id":27115,"date":"2025-05-23T15:58:47","date_gmt":"2025-05-23T13:58:47","guid":{"rendered":"https:\/\/dispotech.ch\/prodotto\/dappen-dishes\/"},"modified":"2025-07-02T12:39:21","modified_gmt":"2025-07-02T10:39:21","slug":"godets-dappen","status":"publish","type":"product","link":"https:\/\/dispotech.ch\/fr\/prodotto\/godets-dappen\/","title":{"rendered":"Godets Dappen"},"content":{"rendered":"<h3><span style=\"font-weight: 400;\">Hygi\u00e8ne et praticit\u00e9 pour le m\u00e9lange de mat\u00e9riaux dentaires<\/span><\/h3>\n<h2>Coupelles jetables pour le m\u00e9lange en cabinet dentaire<b><br \/>\n<\/b><b><\/b><\/h2>\n<p><b>Les Godets Dappen jetables pour dentistes<\/b><span style=\"font-weight: 400;\"> sont des coupelles id\u00e9ales pour la pr\u00e9paration de ciments, r\u00e9sines et autres mat\u00e9riaux utilis\u00e9s lors de traitements dentaires et orthodontiques. Fabriqu\u00e9s en poly\u00e9thyl\u00e8ne haute densit\u00e9 (HDPE), ils sont r\u00e9sistants, pratiques et con\u00e7us pour un usage professionnel.<\/span><\/p>\n<h3>Avantages des Dappen Dishes<\/h3>\n<ul>\n<li style=\"font-weight: 400;\" aria-level=\"1\"><b>100 % jetables<\/b><span style=\"font-weight: 400;\"> : id\u00e9aux pour r\u00e9duire les risques de contamination crois\u00e9e<\/span><span style=\"font-weight: 400;\"><br \/>\n<\/span><\/li>\n<li style=\"font-weight: 400;\" aria-level=\"1\"><b>Double cavit\u00e9<\/b><span style=\"font-weight: 400;\"> : permet de travailler avec plusieurs mat\u00e9riaux en m\u00eame temps<\/span><span style=\"font-weight: 400;\"><br \/>\n<\/span><\/li>\n<li style=\"font-weight: 400;\" aria-level=\"1\"><b>Couleurs assorties<\/b><span style=\"font-weight: 400;\"> : bleu, lilas, vert citron, fuchsia et orange pour une meilleure organisation<\/span><span style=\"font-weight: 400;\"><br \/>\n<\/span><\/li>\n<li style=\"font-weight: 400;\" aria-level=\"1\"><b>Mat\u00e9riau HDPE<\/b><span style=\"font-weight: 400;\"> : r\u00e9sistance aux produits chimiques utilis\u00e9s en cabinet<\/span><span style=\"font-weight: 400;\"><br \/>\n<\/span><\/li>\n<li style=\"font-weight: 400;\" aria-level=\"1\"><b>Pratiques<\/b><span style=\"font-weight: 400;\"> : pas de nettoyage ni de st\u00e9rilisation n\u00e9cessaires<\/span><span style=\"font-weight: 400;\"><br \/>\n<\/span><\/li>\n<\/ul>\n<h3>Caract\u00e9ristiques techniques<\/h3>\n<ul>\n<li style=\"font-weight: 400;\" aria-level=\"1\"><b>Utilisation<\/b><span style=\"font-weight: 400;\"> : Jetable<\/span><span style=\"font-weight: 400;\"><br \/>\n<\/span><\/li>\n<li style=\"font-weight: 400;\" aria-level=\"1\"><b>Mat\u00e9riau<\/b><span style=\"font-weight: 400;\"> : Poly\u00e9thyl\u00e8ne haute densit\u00e9 (HDPE)<\/span><span style=\"font-weight: 400;\"><br \/>\n<\/span><\/li>\n<li style=\"font-weight: 400;\" aria-level=\"1\"><b>Couleurs<\/b><span style=\"font-weight: 400;\"> : Bleu, lilas, vert citron, fuchsia, orange, assortiment des 5 couleurs<\/span><span style=\"font-weight: 400;\"><br \/>\n<\/span><\/li>\n<li style=\"font-weight: 400;\" aria-level=\"1\"><b>Conditionnement<\/b><span style=\"font-weight: 400;\"> : Paquets de 50 pi\u00e8ces<\/span><span style=\"font-weight: 400;\"><br \/>\n<\/span><\/li>\n<li style=\"font-weight: 400;\" aria-level=\"1\"><b>Encoches <\/b><span style=\"font-weight: 400;\">pour la fixation<\/span><span style=\"font-weight: 400;\"><br \/>\n<\/span><\/li>\n<li style=\"font-weight: 400;\" aria-level=\"1\"><b>Cannelures pour une meilleure prise en main<\/b><span style=\"font-weight: 400;\"><br \/>\n<\/span><\/li>\n<li style=\"font-weight: 400;\" aria-level=\"1\"><b>Diam\u00e8tre: <\/b><span style=\"font-weight: 400;\">de 2,5 &#8211; 3,3 cm<\/span><span style=\"font-weight: 400;\"><br \/>\n<\/span><\/li>\n<li style=\"font-weight: 400;\" aria-level=\"1\"><b>Hauteur: <\/b><span style=\"font-weight: 400;\">ca. 2,3 cm<\/span><span style=\"font-weight: 400;\"><br \/>\n<\/span><\/li>\n<li style=\"font-weight: 400;\" aria-level=\"1\"><b>Capacit\u00e9: <\/b><span style=\"font-weight: 400;\">ca. 2,5 ml<\/span><span style=\"font-weight: 400;\"><br \/>\n<\/span><\/li>\n<li style=\"font-weight: 400;\" aria-level=\"1\"><b>100% recycelbar<\/b><span style=\"font-weight: 400;\"><br \/>\n<\/span><\/li>\n<\/ul>\n<h3>Id\u00e9al pour cabinets et laboratoires dentaires<\/h3>\n<p><span style=\"font-weight: 400;\">Les Godets Dappen sont parfaits pour toutes les situations n\u00e9cessitant la pr\u00e9paration rapide, s\u00fbre et hygi\u00e9nique de petites quantit\u00e9s de mat\u00e9riaux.\u00a0<\/span><\/p>\n<p><span style=\"font-weight: 400;\">Ils conviennent parfaitement \u00e0 :<\/span><\/p>\n<ul>\n<li><b>Cabinets dentaires professionnels<\/b><b><br \/>\n<\/b><\/li>\n<li><b>Cliniques dentaires<\/b><\/li>\n<li><b><\/b><b>Laboratoires de proth\u00e8se dentaire<\/b><span style=\"font-weight: 400;\"><br \/>\n<\/span><\/li>\n<\/ul>\n<h3>Commandez d\u00e8s maintenant vos Dappen Dishes<b><br \/>\n<\/b><\/h3>\n<p><span style=\"font-weight: 400;\">Ajoutez hygi\u00e8ne, couleur et praticit\u00e9 \u00e0 votre cabinet dentaire avec les Godets Dappen. <strong>Contactez-nous<\/strong> pour des commandes personnalis\u00e9es ou plus d&rsquo;informations.<\/span><\/p>\n<h2><em>Paquet de 50 pi\u00e8ces<\/em><\/h2>\n","protected":false},"excerpt":{"rendered":"<h3><span style=\"font-weight: 400;\">Hygi\u00e8ne et praticit\u00e9 pour le m\u00e9lange de mat\u00e9riaux dentaires<\/span><\/h3>\n<h2>Coupelles jetables pour le m\u00e9lange en cabinet dentaire<b><br \/>\n<\/b><b><\/b><\/h2>\n<p><b>Les Godets Dappen jetables pour dentistes<\/b><span style=\"font-weight: 400;\"> sont des coupelles id\u00e9ales pour la pr\u00e9paration de ciments, r\u00e9sines et autres mat\u00e9riaux utilis\u00e9s lors de traitements dentaires et orthodontiques. Fabriqu\u00e9s en poly\u00e9thyl\u00e8ne haute densit\u00e9 (HDPE), ils sont r\u00e9sistants, pratiques et con\u00e7us pour un usage professionnel.<\/span><\/p>\n<h3>Avantages des Dappen Dishes<\/h3>\n<ul>\n<li style=\"font-weight: 400;\" aria-level=\"1\"><b>100 % jetables<\/b><span style=\"font-weight: 400;\"> : id\u00e9aux pour r\u00e9duire les risques de contamination crois\u00e9e<\/span><span style=\"font-weight: 400;\"><br \/>\n<\/span><\/li>\n<li style=\"font-weight: 400;\" aria-level=\"1\"><b>Double cavit\u00e9<\/b><span style=\"font-weight: 400;\"> : permet de travailler avec plusieurs mat\u00e9riaux en m\u00eame temps<\/span><span style=\"font-weight: 400;\"><br \/>\n<\/span><\/li>\n<li style=\"font-weight: 400;\" aria-level=\"1\"><b>Couleurs assorties<\/b><span style=\"font-weight: 400;\"> : bleu, lilas, vert citron, fuchsia et orange pour une meilleure organisation<\/span><span style=\"font-weight: 400;\"><br \/>\n<\/span><\/li>\n<li style=\"font-weight: 400;\" aria-level=\"1\"><b>Mat\u00e9riau HDPE<\/b><span style=\"font-weight: 400;\"> : r\u00e9sistance aux produits chimiques utilis\u00e9s en cabinet<\/span><span style=\"font-weight: 400;\"><br \/>\n<\/span><\/li>\n<li style=\"font-weight: 400;\" aria-level=\"1\"><b>Pratiques<\/b><span style=\"font-weight: 400;\"> : pas de nettoyage ni de st\u00e9rilisation n\u00e9cessaires<\/span><span style=\"font-weight: 400;\"><br \/>\n<\/span><\/li>\n<\/ul>\n<h3>Caract\u00e9ristiques techniques<\/h3>\n<ul>\n<li style=\"font-weight: 400;\" aria-level=\"1\"><b>Utilisation<\/b><span style=\"font-weight: 400;\"> : Jetable<\/span><span style=\"font-weight: 400;\"><br \/>\n<\/span><\/li>\n<li style=\"font-weight: 400;\" aria-level=\"1\"><b>Mat\u00e9riau<\/b><span style=\"font-weight: 400;\"> : Poly\u00e9thyl\u00e8ne haute densit\u00e9 (HDPE)<\/span><span style=\"font-weight: 400;\"><br \/>\n<\/span><\/li>\n<li style=\"font-weight: 400;\" aria-level=\"1\"><b>Couleurs<\/b><span style=\"font-weight: 400;\"> : Bleu, lilas, vert citron, fuchsia, orange, assortiment des 5 couleurs<\/span><span style=\"font-weight: 400;\"><br \/>\n<\/span><\/li>\n<li style=\"font-weight: 400;\" aria-level=\"1\"><b>Conditionnement<\/b><span style=\"font-weight: 400;\"> : Paquets de 50 pi\u00e8ces<\/span><span style=\"font-weight: 400;\"><br \/>\n<\/span><\/li>\n<li style=\"font-weight: 400;\" aria-level=\"1\"><b>Encoches <\/b><span style=\"font-weight: 400;\">pour la fixation<\/span><span style=\"font-weight: 400;\"><br \/>\n<\/span><\/li>\n<li style=\"font-weight: 400;\" aria-level=\"1\"><b>Cannelures pour une meilleure prise en main<\/b><span style=\"font-weight: 400;\"><br \/>\n<\/span><\/li>\n<li style=\"font-weight: 400;\" aria-level=\"1\"><b>Diam\u00e8tre: <\/b><span style=\"font-weight: 400;\">de 2,5 &#8211; 3,3 cm<\/span><span style=\"font-weight: 400;\"><br \/>\n<\/span><\/li>\n<li style=\"font-weight: 400;\" aria-level=\"1\"><b>Hauteur: <\/b><span style=\"font-weight: 400;\">ca. 2,3 cm<\/span><span style=\"font-weight: 400;\"><br \/>\n<\/span><\/li>\n<li style=\"font-weight: 400;\" aria-level=\"1\"><b>Capacit\u00e9: <\/b><span style=\"font-weight: 400;\">ca. 2,5 ml<\/span><span style=\"font-weight: 400;\"><br \/>\n<\/span><\/li>\n<li style=\"font-weight: 400;\" aria-level=\"1\"><b>100% recycelbar<\/b><span style=\"font-weight: 400;\"><br \/>\n<\/span><\/li>\n<\/ul>\n<h3>Id\u00e9al pour cabinets et laboratoires dentaires<\/h3>\n<p><span style=\"font-weight: 400;\">Les Godets Dappen sont parfaits pour toutes les situations n\u00e9cessitant la pr\u00e9paration rapide, s\u00fbre et hygi\u00e9nique de petites quantit\u00e9s de mat\u00e9riaux.\u00a0<\/span><\/p>\n<p><span style=\"font-weight: 400;\">Ils conviennent parfaitement \u00e0 :<\/span><\/p>\n<ul>\n<li><b>Cabinets dentaires professionnels<\/b><b><br \/>\n<\/b><\/li>\n<li><b>Cliniques dentaires<\/b><\/li>\n<li><b><\/b><b>Laboratoires de proth\u00e8se dentaire<\/b><span style=\"font-weight: 400;\"><br \/>\n<\/span><\/li>\n<\/ul>\n<h3>Commandez d\u00e8s maintenant vos Dappen Dishes<b><br \/>\n<\/b><\/h3>\n<p><span style=\"font-weight: 400;\">Ajoutez hygi\u00e8ne, couleur et praticit\u00e9 \u00e0 votre cabinet dentaire avec les Godets Dappen. <strong>Contactez-nous<\/strong> pour des commandes personnalis\u00e9es ou plus d&rsquo;informations.<\/span><\/p>\n<h2><em>Paquet de 50 pi\u00e8ces<\/em><\/h2>\n","protected":false},"featured_media":27113,"comment_status":"open","ping_status":"closed","template":"","meta":{"_acf_changed":false},"product_brand":[],"product_cat":[286,450,417],"product_tag":[],"class_list":{"0":"post-27115","1":"product","2":"type-product","3":"status-publish","4":"has-post-thumbnail","6":"product_cat-dental-fr","7":"product_cat-en-evidence","8":"product_cat-novita-fr","10":"first","11":"instock","12":"taxable","13":"shipping-taxable","14":"purchasable","15":"product-type-variable"},"acf":[],"yoast_head":"<!-- This site is optimized with the Yoast SEO plugin v27.3 - https:\/\/yoast.com\/product\/yoast-seo-wordpress\/ -->\n<title>Godets Dappen jetables pour dentistes | Coupelles de m\u00e9lange<\/title>\n<meta name=\"description\" content=\"D\u00e9couvrez les Godets Dappen jetables : r\u00e9sistants, s\u00fbrs et id\u00e9aux pour le m\u00e9lange de mat\u00e9riaux dentaires. Hygi\u00e8ne maximale, z\u00e9ro contamination.\" \/>\n<meta name=\"robots\" content=\"index, follow, max-snippet:-1, max-image-preview:large, max-video-preview:-1\" \/>\n<link rel=\"canonical\" href=\"https:\/\/dispotech.ch\/fr\/prodotto\/godets-dappen\/\" \/>\n<meta property=\"og:locale\" content=\"fr_FR\" \/>\n<meta property=\"og:type\" content=\"article\" \/>\n<meta property=\"og:title\" content=\"Godets Dappen jetables pour dentistes | Coupelles de m\u00e9lange\" \/>\n<meta property=\"og:description\" content=\"D\u00e9couvrez les Godets Dappen jetables : r\u00e9sistants, s\u00fbrs et id\u00e9aux pour le m\u00e9lange de mat\u00e9riaux dentaires. Hygi\u00e8ne maximale, z\u00e9ro contamination.\" \/>\n<meta property=\"og:url\" content=\"https:\/\/dispotech.ch\/fr\/prodotto\/godets-dappen\/\" \/>\n<meta property=\"og:site_name\" content=\"Dispotech Shop\" \/>\n<meta property=\"article:modified_time\" content=\"2025-07-02T10:39:21+00:00\" \/>\n<meta name=\"twitter:card\" content=\"summary_large_image\" \/>\n<meta name=\"twitter:label1\" content=\"Dur\u00e9e de lecture estim\u00e9e\" \/>\n\t<meta name=\"twitter:data1\" content=\"2 minutes\" \/>\n<script type=\"application\/ld+json\" class=\"yoast-schema-graph\">{\"@context\":\"https:\\\/\\\/schema.org\",\"@graph\":[{\"@type\":\"WebPage\",\"@id\":\"https:\\\/\\\/dispotech.ch\\\/fr\\\/prodotto\\\/godets-dappen\\\/\",\"url\":\"https:\\\/\\\/dispotech.ch\\\/fr\\\/prodotto\\\/godets-dappen\\\/\",\"name\":\"Godets Dappen jetables pour dentistes | Coupelles de m\u00e9lange\",\"isPartOf\":{\"@id\":\"https:\\\/\\\/dispotech.ch\\\/#website\"},\"primaryImageOfPage\":{\"@id\":\"https:\\\/\\\/dispotech.ch\\\/fr\\\/prodotto\\\/godets-dappen\\\/#primaryimage\"},\"image\":{\"@id\":\"https:\\\/\\\/dispotech.ch\\\/fr\\\/prodotto\\\/godets-dappen\\\/#primaryimage\"},\"thumbnailUrl\":\"https:\\\/\\\/dispotech.ch\\\/wp-content\\\/uploads\\\/2025\\\/05\\\/Dappen_Dishes_Mix.png\",\"datePublished\":\"2025-05-23T13:58:47+00:00\",\"dateModified\":\"2025-07-02T10:39:21+00:00\",\"description\":\"D\u00e9couvrez les Godets Dappen jetables : r\u00e9sistants, s\u00fbrs et id\u00e9aux pour le m\u00e9lange de mat\u00e9riaux dentaires. Hygi\u00e8ne maximale, z\u00e9ro contamination.\",\"breadcrumb\":{\"@id\":\"https:\\\/\\\/dispotech.ch\\\/fr\\\/prodotto\\\/godets-dappen\\\/#breadcrumb\"},\"inLanguage\":\"fr-FR\",\"potentialAction\":[{\"@type\":\"ReadAction\",\"target\":[\"https:\\\/\\\/dispotech.ch\\\/fr\\\/prodotto\\\/godets-dappen\\\/\"]}]},{\"@type\":\"ImageObject\",\"inLanguage\":\"fr-FR\",\"@id\":\"https:\\\/\\\/dispotech.ch\\\/fr\\\/prodotto\\\/godets-dappen\\\/#primaryimage\",\"url\":\"https:\\\/\\\/dispotech.ch\\\/wp-content\\\/uploads\\\/2025\\\/05\\\/Dappen_Dishes_Mix.png\",\"contentUrl\":\"https:\\\/\\\/dispotech.ch\\\/wp-content\\\/uploads\\\/2025\\\/05\\\/Dappen_Dishes_Mix.png\",\"width\":1000,\"height\":1000,\"caption\":\"Dappen_Dishes_Mix\"},{\"@type\":\"BreadcrumbList\",\"@id\":\"https:\\\/\\\/dispotech.ch\\\/fr\\\/prodotto\\\/godets-dappen\\\/#breadcrumb\",\"itemListElement\":[{\"@type\":\"ListItem\",\"position\":1,\"name\":\"Home\",\"item\":\"https:\\\/\\\/dispotech.ch\\\/fr\\\/\"},{\"@type\":\"ListItem\",\"position\":2,\"name\":\"Shop\",\"item\":\"https:\\\/\\\/dispotech.ch\\\/fr\\\/shop-2\\\/\"},{\"@type\":\"ListItem\",\"position\":3,\"name\":\"Godets Dappen\"}]},{\"@type\":\"WebSite\",\"@id\":\"https:\\\/\\\/dispotech.ch\\\/#website\",\"url\":\"https:\\\/\\\/dispotech.ch\\\/\",\"name\":\"Dispotech Shop\",\"description\":\"\",\"potentialAction\":[{\"@type\":\"SearchAction\",\"target\":{\"@type\":\"EntryPoint\",\"urlTemplate\":\"https:\\\/\\\/dispotech.ch\\\/?s={search_term_string}\"},\"query-input\":{\"@type\":\"PropertyValueSpecification\",\"valueRequired\":true,\"valueName\":\"search_term_string\"}}],\"inLanguage\":\"fr-FR\"}]}<\/script>\n<!-- \/ Yoast SEO plugin. -->","yoast_head_json":{"title":"Godets Dappen jetables pour dentistes | Coupelles de m\u00e9lange","description":"D\u00e9couvrez les Godets Dappen jetables : r\u00e9sistants, s\u00fbrs et id\u00e9aux pour le m\u00e9lange de mat\u00e9riaux dentaires. Hygi\u00e8ne maximale, z\u00e9ro contamination.","robots":{"index":"index","follow":"follow","max-snippet":"max-snippet:-1","max-image-preview":"max-image-preview:large","max-video-preview":"max-video-preview:-1"},"canonical":"https:\/\/dispotech.ch\/fr\/prodotto\/godets-dappen\/","og_locale":"fr_FR","og_type":"article","og_title":"Godets Dappen jetables pour dentistes | Coupelles de m\u00e9lange","og_description":"D\u00e9couvrez les Godets Dappen jetables : r\u00e9sistants, s\u00fbrs et id\u00e9aux pour le m\u00e9lange de mat\u00e9riaux dentaires. Hygi\u00e8ne maximale, z\u00e9ro contamination.","og_url":"https:\/\/dispotech.ch\/fr\/prodotto\/godets-dappen\/","og_site_name":"Dispotech Shop","article_modified_time":"2025-07-02T10:39:21+00:00","twitter_card":"summary_large_image","twitter_misc":{"Dur\u00e9e de lecture estim\u00e9e":"2 minutes"},"schema":{"@context":"https:\/\/schema.org","@graph":[{"@type":"WebPage","@id":"https:\/\/dispotech.ch\/fr\/prodotto\/godets-dappen\/","url":"https:\/\/dispotech.ch\/fr\/prodotto\/godets-dappen\/","name":"Godets Dappen jetables pour dentistes | Coupelles de m\u00e9lange","isPartOf":{"@id":"https:\/\/dispotech.ch\/#website"},"primaryImageOfPage":{"@id":"https:\/\/dispotech.ch\/fr\/prodotto\/godets-dappen\/#primaryimage"},"image":{"@id":"https:\/\/dispotech.ch\/fr\/prodotto\/godets-dappen\/#primaryimage"},"thumbnailUrl":"https:\/\/dispotech.ch\/wp-content\/uploads\/2025\/05\/Dappen_Dishes_Mix.png","datePublished":"2025-05-23T13:58:47+00:00","dateModified":"2025-07-02T10:39:21+00:00","description":"D\u00e9couvrez les Godets Dappen jetables : r\u00e9sistants, s\u00fbrs et id\u00e9aux pour le m\u00e9lange de mat\u00e9riaux dentaires. Hygi\u00e8ne maximale, z\u00e9ro contamination.","breadcrumb":{"@id":"https:\/\/dispotech.ch\/fr\/prodotto\/godets-dappen\/#breadcrumb"},"inLanguage":"fr-FR","potentialAction":[{"@type":"ReadAction","target":["https:\/\/dispotech.ch\/fr\/prodotto\/godets-dappen\/"]}]},{"@type":"ImageObject","inLanguage":"fr-FR","@id":"https:\/\/dispotech.ch\/fr\/prodotto\/godets-dappen\/#primaryimage","url":"https:\/\/dispotech.ch\/wp-content\/uploads\/2025\/05\/Dappen_Dishes_Mix.png","contentUrl":"https:\/\/dispotech.ch\/wp-content\/uploads\/2025\/05\/Dappen_Dishes_Mix.png","width":1000,"height":1000,"caption":"Dappen_Dishes_Mix"},{"@type":"BreadcrumbList","@id":"https:\/\/dispotech.ch\/fr\/prodotto\/godets-dappen\/#breadcrumb","itemListElement":[{"@type":"ListItem","position":1,"name":"Home","item":"https:\/\/dispotech.ch\/fr\/"},{"@type":"ListItem","position":2,"name":"Shop","item":"https:\/\/dispotech.ch\/fr\/shop-2\/"},{"@type":"ListItem","position":3,"name":"Godets Dappen"}]},{"@type":"WebSite","@id":"https:\/\/dispotech.ch\/#website","url":"https:\/\/dispotech.ch\/","name":"Dispotech Shop","description":"","potentialAction":[{"@type":"SearchAction","target":{"@type":"EntryPoint","urlTemplate":"https:\/\/dispotech.ch\/?s={search_term_string}"},"query-input":{"@type":"PropertyValueSpecification","valueRequired":true,"valueName":"search_term_string"}}],"inLanguage":"fr-FR"}]}},"_links":{"self":[{"href":"https:\/\/dispotech.ch\/fr\/wp-json\/wp\/v2\/product\/27115","targetHints":{"allow":["GET"]}}],"collection":[{"href":"https:\/\/dispotech.ch\/fr\/wp-json\/wp\/v2\/product"}],"about":[{"href":"https:\/\/dispotech.ch\/fr\/wp-json\/wp\/v2\/types\/product"}],"replies":[{"embeddable":true,"href":"https:\/\/dispotech.ch\/fr\/wp-json\/wp\/v2\/comments?post=27115"}],"wp:featuredmedia":[{"embeddable":true,"href":"https:\/\/dispotech.ch\/fr\/wp-json\/wp\/v2\/media\/27113"}],"wp:attachment":[{"href":"https:\/\/dispotech.ch\/fr\/wp-json\/wp\/v2\/media?parent=27115"}],"wp:term":[{"taxonomy":"product_brand","embeddable":true,"href":"https:\/\/dispotech.ch\/fr\/wp-json\/wp\/v2\/product_brand?post=27115"},{"taxonomy":"product_cat","embeddable":true,"href":"https:\/\/dispotech.ch\/fr\/wp-json\/wp\/v2\/product_cat?post=27115"},{"taxonomy":"product_tag","embeddable":true,"href":"https:\/\/dispotech.ch\/fr\/wp-json\/wp\/v2\/product_tag?post=27115"}],"curies":[{"name":"wp","href":"https:\/\/api.w.org\/{rel}","templated":true}]}}